{"id":1529,"date":"2021-02-20T16:03:28","date_gmt":"2021-02-20T16:03:28","guid":{"rendered":"http:\/\/www.terenmania.pl\/?post_type=product&#038;p=1529"},"modified":"2021-04-26T11:00:39","modified_gmt":"2021-04-26T11:00:39","slug":"jazda-indywidualna-2h","status":"publish","type":"product","link":"https:\/\/www.terenmania.pl\/?product=jazda-indywidualna-2h","title":{"rendered":"Jazda 4&#215;4 OFFROAD 2h"},"content":{"rendered":"<p class=\"title-in-pitch\">Zasi\u0105d\u017a za kierownic\u0105 prawdziwej teren\u00f3wki, by zmierzy\u0107 si\u0119 z bezdro\u017cami. Pod okiem naszego instruktora poznasz podstawy prowadzenia auta w ci\u0119\u017ckich warunkach, powalczysz z b\u0142otem, kamieniami i podjazdami \u2014 w warunkach, o jakich nawet nie my\u015bla\u0142e\u015b, \u017ce mo\u017ce je pokona\u0107 samoch\u00f3d. Gwarantujemy ciekaw\u0105, zr\u00f3\u017cnicowan\u0105 i emocjonuj\u0105c\u0105 tras\u0119 (w tej ofercie dodatkowo dostajesz do r\u0119ki roadbook,\u00a0kt\u00f3ry\u00a0pozwoli znale\u017a\u0107 w\u0142a\u015bciw\u0105 drog\u0119), opiek\u0119 i wskaz\u00f3wki do\u015bwiadczonego offroadowca, samoch\u00f3d z wyposa\u017ceniem niezb\u0119dnym, by pokona\u0107 ka\u017cd\u0105 drog\u0119 i ka\u017cd\u0105 opresj\u0119. 2 godziny to ju\u017c czas, kt\u00f3ry pozwoli si\u0119\u00a0\u201ewyje\u017adzi\u0107\u201d\u00a0i wysi\u0105\u015b\u0107 bez niedosytu.<\/p>\n<h4 class=\"title-in-pitch\">Informacje:<\/h4>\n<ul>\n<li>samoch\u00f3d terenowy, przygotowany do jazdy w ka\u017cdych warunkach (wyci\u0105garka, os\u0142ony, przygotowanie do pokonywania przeszk\u00f3d wodnych) wraz z instruktorem,<\/li>\n<li>przed rozpocz\u0119ciem realizacji us\u0142ugi szkolenie teoretyczne z podstaw, dodatkowo ka\u017cda kolejna przeszkoda jest na bie\u017c\u0105co omawiana by zagwarantowa\u0107 maksimum przyjemno\u015bci i bezpiecze\u0144stwa,<\/li>\n<li>przejazd odbywa si\u0119 wed\u0142ug schematu nawigacyjnego (ROADBOOK) oraz na terenach zamkni\u0119tych wed\u0142ug polece\u0144 instruktora.<\/li>\n<\/ul>\n","protected":false},"excerpt":{"rendered":"<p>Zawiera samoch\u00f3d terenowy, przygotowany do jazdy w ka\u017cdych warunkach (wyci\u0105garka, os\u0142ony, przygotowanie do pokonywania przeszk\u00f3d wodnych) wraz z instruktorem.<\/p>\n","protected":false},"featured_media":1801,"template":"","meta":[],"product_cat":[38],"product_tag":[],"_links":{"self":[{"href":"https:\/\/www.terenmania.pl\/index.php?rest_route=\/wp\/v2\/product\/1529"}],"collection":[{"href":"https:\/\/www.terenmania.pl\/index.php?rest_route=\/wp\/v2\/product"}],"about":[{"href":"https:\/\/www.terenmania.pl\/index.php?rest_route=\/wp\/v2\/types\/product"}],"wp:featuredmedia":[{"embeddable":true,"href":"https:\/\/www.terenmania.pl\/index.php?rest_route=\/wp\/v2\/media\/1801"}],"wp:attachment":[{"href":"https:\/\/www.terenmania.pl\/index.php?rest_route=%2Fwp%2Fv2%2Fmedia&parent=1529"}],"wp:term":[{"taxonomy":"product_cat","embeddable":true,"href":"https:\/\/www.terenmania.pl\/index.php?rest_route=%2Fwp%2Fv2%2Fproduct_cat&post=1529"},{"taxonomy":"product_tag","embeddable":true,"href":"https:\/\/www.terenmania.pl\/index.php?rest_route=%2Fwp%2Fv2%2Fproduct_tag&post=1529"}],"curies":[{"name":"wp","href":"https:\/\/api.w.org\/{rel}","templated":true}]}}