{"id":1531,"date":"2021-02-20T16:07:58","date_gmt":"2021-02-20T16:07:58","guid":{"rendered":"http:\/\/www.terenmania.pl\/?post_type=product&#038;p=1531"},"modified":"2021-04-26T07:28:26","modified_gmt":"2021-04-26T07:28:26","slug":"szkolenie-podstawowe-w-grupie","status":"publish","type":"product","link":"https:\/\/www.terenmania.pl\/?product=szkolenie-podstawowe-w-grupie","title":{"rendered":"Szkolenie 4&#215;4 OFFROAD \/G"},"content":{"rendered":"<p>Zapraszamy na szkolenie z zakresu eksploatacji samochodu terenowego w trudnych warunkach. Dla os\u00f3b maj\u0105cych pierwszy kontakt z OFFROADEM przygotowali\u015bmy specjalny, 4 godzinny intensywny program &#8211; przeka\u017cemy wam w skondensowanej pigu\u0142ce wszystko to, co musicie wiedzie\u0107 \u017ceby skutecznie dojecha\u0107 do ka\u017cdego celu podr\u00f3\u017cy.<\/p>\n<p>Szkolenie sk\u0142ada si\u0119 z cz\u0119\u015bci teoretycznej i praktycznej. W cz\u0119\u015bci teoretycznej dowiecie si\u0119, jak zbudowany jest samoch\u00f3d terenowy, jak funkcjonuje uk\u0142ad przeniesienia nap\u0119du i jak najlepiej wykorzysta\u0107 jego mo\u017cliwo\u015bci. Poka\u017cemy jakie s\u0105 najpowa\u017cniejsze ograniczenia i pu\u0142apki, w kt\u00f3re \u0142atwo jest wpa\u015b\u0107 niedo\u015bwiadczonemu kierowcy. Wyt\u0142umaczymy, czego absolutnie robi\u0107 nie wolno, a co bardzo w terenie pomaga. W cz\u0119\u015bci praktycznej zabierzemy was na tor szkoleniowy, gdzie spotkacie r\u00f3\u017cnego typu przeszkody &#8211; takie, jakie mo\u017cna spotka\u0107 w prawdziwych, terenowych wyprawach. Poznacie zachowanie samochodu w piasku, b\u0142ocie, na kamieniach. Poczujecie, jak pozornie b\u0142ahe decyzje kierowcy mog\u0105 doprowadzi\u0107 do katastrofy- lub szcz\u0119\u015bliwego zako\u0144czenia. Nauczycie si\u0119 PANOWA\u0106 nad samochodem w trudnych warunkach &#8211; tak aby zasiadaj\u0105c za kierownic\u0105 swojego auta mie\u0107 poczucie bezpiecze\u0144stwa i kontroli.<\/p>\n","protected":false},"excerpt":{"rendered":"<p>Szkolenie podstawowe w grupie<\/p>\n","protected":false},"featured_media":1809,"template":"","meta":[],"product_brand":[],"product_cat":[40],"product_tag":[],"class_list":{"0":"post-1531","1":"product","2":"type-product","3":"status-publish","4":"has-post-thumbnail","6":"product_cat-szkolenia-podstawowe","8":"first","9":"instock","10":"virtual","11":"taxable","12":"purchasable","13":"product-type-simple"},"jetpack_sharing_enabled":true,"_links":{"self":[{"href":"https:\/\/www.terenmania.pl\/index.php?rest_route=\/wp\/v2\/product\/1531","targetHints":{"allow":["GET"]}}],"collection":[{"href":"https:\/\/www.terenmania.pl\/index.php?rest_route=\/wp\/v2\/product"}],"about":[{"href":"https:\/\/www.terenmania.pl\/index.php?rest_route=\/wp\/v2\/types\/product"}],"wp:featuredmedia":[{"embeddable":true,"href":"https:\/\/www.terenmania.pl\/index.php?rest_route=\/wp\/v2\/media\/1809"}],"wp:attachment":[{"href":"https:\/\/www.terenmania.pl\/index.php?rest_route=%2Fwp%2Fv2%2Fmedia&parent=1531"}],"wp:term":[{"taxonomy":"product_brand","embeddable":true,"href":"https:\/\/www.terenmania.pl\/index.php?rest_route=%2Fwp%2Fv2%2Fproduct_brand&post=1531"},{"taxonomy":"product_cat","embeddable":true,"href":"https:\/\/www.terenmania.pl\/index.php?rest_route=%2Fwp%2Fv2%2Fproduct_cat&post=1531"},{"taxonomy":"product_tag","embeddable":true,"href":"https:\/\/www.terenmania.pl\/index.php?rest_route=%2Fwp%2Fv2%2Fproduct_tag&post=1531"}],"curies":[{"name":"wp","href":"https:\/\/api.w.org\/{rel}","templated":true}]}}